{"id":612,"date":"2021-05-16T00:13:29","date_gmt":"2021-05-15T21:13:29","guid":{"rendered":"https:\/\/camelgrup.com\/?page_id=612"},"modified":"2021-08-15T22:04:49","modified_gmt":"2021-08-15T19:04:49","slug":"kurumsal","status":"publish","type":"page","link":"https:\/\/camelgrup.com\/index.php\/kurumsal\/","title":{"rendered":"Kurumsal"},"content":{"rendered":"<p>[vc_row unlock_row_content=&#8221;yes&#8221; row_height_percent=&#8221;60&#8243; override_padding=&#8221;yes&#8221; h_padding=&#8221;2&#8243; top_padding=&#8221;2&#8243; bottom_padding=&#8221;2&#8243; overlay_alpha=&#8221;0&#8243; gutter_size=&#8221;3&#8243; column_width_percent=&#8221;50&#8243; shift_y=&#8221;0&#8243; z_index=&#8221;0&#8243; auto_height_device=&#8221;yes&#8221;][vc_column column_width_percent=&#8221;100&#8243; align_horizontal=&#8221;align_center&#8221; gutter_size=&#8221;3&#8243; overlay_alpha=&#8221;50&#8243; shift_x=&#8221;0&#8243; shift_y=&#8221;0&#8243; shift_y_down=&#8221;0&#8243; z_index=&#8221;0&#8243; medium_width=&#8221;0&#8243; mobile_width=&#8221;0&#8243; width=&#8221;1\/1&#8243;][uncode_slider slider_type=&#8221;fade&#8221; slider_interval=&#8221;5000&#8243; slider_navspeed=&#8221;400&#8243; slider_loop=&#8221;yes&#8221; slider_dots_space=&#8221;yes&#8221;][vc_row_inner row_inner_height_percent=&#8221;100&#8243; force_width_grid=&#8221;yes&#8221; back_image=&#8221;739&#8243; back_position=&#8221;center bottom&#8221; kburns=&#8221;yes&#8221; overlay_color=&#8221;color-jevc&#8221; overlay_alpha=&#8221;50&#8243; equal_height=&#8221;yes&#8221; gutter_size=&#8221;3&#8243; shift_y=&#8221;0&#8243; z_index=&#8221;0&#8243;][vc_column_inner column_width_percent=&#8221;100&#8243; position_vertical=&#8221;middle&#8221; align_horizontal=&#8221;align_center&#8221; gutter_size=&#8221;2&#8243; style=&#8221;dark&#8221; overlay_alpha=&#8221;50&#8243; shift_x=&#8221;0&#8243; shift_y=&#8221;0&#8243; shift_y_down=&#8221;0&#8243; z_index=&#8221;0&#8243; medium_width=&#8221;0&#8243; mobile_width=&#8221;0&#8243; width=&#8221;1\/1&#8243;][vc_custom_heading text_weight=&#8221;800&#8243; css_animation=&#8221;top-t-bottom&#8221; animation_delay=&#8221;400&#8243;]Kurumsal[\/vc_custom_heading][vc_custom_heading heading_semantic=&#8221;h5&#8243; text_size=&#8221;h5&#8243; text_weight=&#8221;400&#8243; separator=&#8221;yes&#8221; css_animation=&#8221;top-t-bottom&#8221; animation_speed=&#8221;600&#8243; animation_delay=&#8221;600&#8243;]\u015eirket ve Banka Hesap bilgilerimize buradan eri\u015febilirsiniz.[\/vc_custom_heading][\/vc_column_inner][\/vc_row_inner][\/uncode_slider][\/vc_column][\/vc_row][vc_row][vc_column width=&#8221;1\/1&#8243;][vc_row_inner row_inner_height_percent=&#8221;0&#8243; overlay_alpha=&#8221;50&#8243; gutter_size=&#8221;4&#8243; shift_y=&#8221;0&#8243; z_index=&#8221;0&#8243;][vc_column_inner column_width_percent=&#8221;100&#8243; gutter_size=&#8221;4&#8243; overlay_alpha=&#8221;50&#8243; shift_x=&#8221;0&#8243; shift_y=&#8221;0&#8243; shift_y_down=&#8221;0&#8243; z_index=&#8221;0&#8243; medium_width=&#8221;0&#8243; mobile_width=&#8221;0&#8243; sticky=&#8221;yes&#8221; width=&#8221;1\/4&#8243;][vc_separator sep_color=&#8221;color-jevc&#8221;][vc_custom_heading]Hakk\u0131m\u0131zda[\/vc_custom_heading][\/vc_column_inner][vc_column_inner width=&#8221;3\/4&#8243;][vc_separator sep_color=&#8221;color-uydo&#8221;][vc_empty_space empty_h=&#8221;2&#8243;][vc_custom_heading heading_semantic=&#8221;h3&#8243; text_size=&#8221;h3&#8243;]<\/p>\n<div class=\"vc_custom_heading_wrap \">\n<div class=\"heading-text el-text\">\n<div class=\"page\" title=\"Page 1\">\n<div class=\"layoutArea\">\n<div class=\"column\">2019 y\u0131l\u0131nda kurulan Camel Grup, T\u00fcrkiye&#8217;de, k\u00fc\u00e7\u00fck, orta ve b\u00fcy\u00fck \u00f6l\u00e7ekli firmalara \u201cTam Zaman\u0131nda Teslim\u201d (Just in Time Delivery) konseptini en verimli uygulayan kurulu\u015f olma arzusundad\u0131r.<\/div>\n<\/div>\n<\/div>\n<\/div>\n<\/div>\n<p>[\/vc_custom_heading][vc_column_text text_lead=&#8221;yes&#8221;]<\/p>\n<div class=\"vc_custom_heading_wrap \">\n<div class=\"heading-text el-text\">\n<div class=\"page\" title=\"Page 1\">\n<div class=\"layoutArea\">Camel Grup m\u00fc\u015fterilerinin \u00fcr\u00fcnleri zaman\u0131nda teslim almay\u0131 ve teslim etmeyi ilke edinmi\u015ftir.<\/div>\n<div><\/div>\n<div class=\"layoutArea\">Camel Grup; esnek \u00e7al\u0131\u015fma saatleri sayesinde, m\u00fc\u015fterilerine her d\u00f6nem hizmet vermeyi ama\u00e7 ve ilke edinmi\u015ftir.<\/div>\n<div><\/div>\n<div class=\"layoutArea\">Camel Grup ba\u015fta ka\u011f\u0131t sekt\u00f6r\u00fc olmak \u00fczere, bir\u00e7ok \u00f6nde gelen firmaya depolama, lojistik hizmetleri sunmakla beraber, t\u00fcm bask\u0131 ve de ambalaj ka\u011f\u0131tlar\u0131 olmak \u00fczere kesim ve dilme i\u015flemini zaman\u0131nda, titizlikle yapmaktad\u0131r.<\/div>\n<div><\/div>\n<div class=\"layoutArea\">Camel Grup, %100 yerli sermayeli bir firma olup, m\u00fc\u015fteri memnuniyeti odakl\u0131 \u00e7al\u0131\u015fmaktad\u0131r.<\/div>\n<div><\/div>\n<div class=\"layoutArea\">Camel Grup, e\u011fitimli ve tecr\u00fcbeli servis ekibi, lojistik deste\u011fi, g\u00fc\u00e7l\u00fc finansal yap\u0131s\u0131, rekabete elveri\u015fli fiyat politikas\u0131 ve avantajl\u0131 \u00f6deme ko\u015fullar\u0131 ile her t\u00fcr m\u00fc\u015fteri grubuna hitap edebilmektedir.<\/div>\n<\/div>\n<\/div>\n<\/div>\n<p>[\/vc_column_text][\/vc_column_inner][\/vc_row_inner][\/vc_column][\/vc_row][vc_row row_height_percent=&#8221;0&#8243; override_padding=&#8221;yes&#8221; h_padding=&#8221;2&#8243; top_padding=&#8221;4&#8243; bottom_padding=&#8221;4&#8243; back_color=&#8221;color-rgdb&#8221; overlay_alpha=&#8221;0&#8243; gutter_size=&#8221;3&#8243; column_width_percent=&#8221;100&#8243; shift_y=&#8221;0&#8243; z_index=&#8221;0&#8243;][vc_column width=&#8221;1\/1&#8243;][vc_row_inner][vc_column_inner column_width_percent=&#8221;100&#8243; gutter_size=&#8221;4&#8243; style=&#8221;dark&#8221; overlay_alpha=&#8221;50&#8243; shift_x=&#8221;0&#8243; shift_y=&#8221;0&#8243; shift_y_down=&#8221;0&#8243; z_index=&#8221;0&#8243; medium_width=&#8221;0&#8243; mobile_width=&#8221;0&#8243; sticky=&#8221;yes&#8221; width=&#8221;1\/4&#8243;][vc_separator sep_color=&#8221;color-xsdn&#8221;][vc_custom_heading]\u015eirket Profili[\/vc_custom_heading][\/vc_column_inner][vc_column_inner column_width_percent=&#8221;100&#8243; gutter_size=&#8221;3&#8243; style=&#8221;dark&#8221; overlay_alpha=&#8221;50&#8243; shift_x=&#8221;0&#8243; shift_y=&#8221;0&#8243; shift_y_down=&#8221;0&#8243; z_index=&#8221;0&#8243; medium_width=&#8221;0&#8243; mobile_width=&#8221;0&#8243; width=&#8221;3\/4&#8243;][vc_separator sep_color=&#8221;color-uydo&#8221;][vc_custom_heading heading_semantic=&#8221;h3&#8243; text_size=&#8221;h3&#8243; text_weight=&#8221;300&#8243;]<\/p>\n<div class=\"page\" title=\"Page 2\">\n<div class=\"layoutArea\">\n<div class=\"column\">\n<h2>CAMEL \u0130\u00c7 VE DI\u015e T\u0130CARET L\u0130M\u0130TED \u015e\u0130RKET\u0130<\/h2>\n<p><strong>ADRES:<\/strong> Had\u0131mk\u00f6y Mahallesi, Mustafa \u0130nan Caddesi, No:43, Arnavutk\u00f6y, \u0130stanbul, T\u00fcrkiye<br \/>\n<strong>VD:<\/strong> B\u00dcY\u00dcK\u00c7EKMECE<br \/>\n<strong>VN:<\/strong> 1370795919<br \/>\n<strong>MERS\u0130S NO:<\/strong> 0137079591900001<br \/>\n<strong>T\u0130CARET S\u0130C\u0130L NO:<\/strong> 279775-5<\/p>\n<p><strong>TELEFON:<\/strong> +90 212 624 01 84<br \/>\n<strong>E-POSTA:<\/strong> camel@camelgrup.com<br \/>\n<strong>WEB:<\/strong> http:\/\/camelgrup.com<\/p>\n<\/div>\n<\/div>\n<\/div>\n<p>[\/vc_custom_heading][\/vc_column_inner][\/vc_row_inner][vc_empty_space empty_h=&#8221;5&#8243;][\/vc_column][\/vc_row][vc_row row_height_percent=&#8221;0&#8243; override_padding=&#8221;yes&#8221; h_padding=&#8221;2&#8243; top_padding=&#8221;4&#8243; bottom_padding=&#8221;4&#8243; overlay_alpha=&#8221;50&#8243; gutter_size=&#8221;3&#8243; column_width_percent=&#8221;100&#8243; shift_y=&#8221;0&#8243; z_index=&#8221;0&#8243;][vc_column width=&#8221;1\/1&#8243;][vc_row_inner row_inner_height_percent=&#8221;0&#8243; overlay_alpha=&#8221;50&#8243; gutter_size=&#8221;4&#8243; shift_y=&#8221;0&#8243; z_index=&#8221;0&#8243;][vc_column_inner column_width_percent=&#8221;100&#8243; gutter_size=&#8221;4&#8243; overlay_alpha=&#8221;50&#8243; shift_x=&#8221;0&#8243; shift_y=&#8221;0&#8243; shift_y_down=&#8221;0&#8243; z_index=&#8221;0&#8243; medium_width=&#8221;0&#8243; mobile_width=&#8221;0&#8243; sticky=&#8221;yes&#8221; width=&#8221;1\/4&#8243;][vc_separator sep_color=&#8221;color-jevc&#8221;][vc_custom_heading]Banka Bilgileri[\/vc_custom_heading][\/vc_column_inner][vc_column_inner column_width_percent=&#8221;100&#8243; gutter_size=&#8221;3&#8243; overlay_alpha=&#8221;50&#8243; shift_x=&#8221;0&#8243; shift_y=&#8221;0&#8243; shift_y_down=&#8221;0&#8243; z_index=&#8221;0&#8243; medium_width=&#8221;0&#8243; mobile_width=&#8221;0&#8243; width=&#8221;3\/4&#8243;][vc_separator sep_color=&#8221;color-uydo&#8221;][vc_custom_heading heading_semantic=&#8221;h3&#8243; text_size=&#8221;h3&#8243; text_weight=&#8221;300&#8243;]<\/p>\n<div class=\"page\" title=\"Page 2\">\n<div class=\"layoutArea\">\n<div class=\"column\">\n<h2>CAMEL \u0130\u00c7 VE DI\u015e T\u0130CARET L\u0130M\u0130TED \u015e\u0130RKET\u0130<\/h2>\n<p><strong>BANKA:<\/strong> KUVEYT T\u00dcRK KATILIM BANKASI A.\u015e.<br \/>\n<strong>\u015eUBE:<\/strong> ARNAVUTK\u00d6Y<br \/>\n<strong>HESAP T\u00dcR\u00dc:<\/strong> TL<br \/>\n<strong>IBAN:<\/strong> <strong>TR00 0000 0000 0000 0000 0000 00<\/strong><\/p>\n<p><strong>BANKA:<\/strong> KUVEYT T\u00dcRK KATILIM BANKASI A.\u015e.<br \/>\n<strong>\u015eUBE:<\/strong> ARNAVUTK\u00d6Y<br \/>\n<strong>HESAP T\u00dcR\u00dc:<\/strong> USD<br \/>\n<strong>IBAN:<\/strong> <strong>TR00 0000 0000 0000 0000 0000 00<\/strong><\/p>\n<p><strong>BANKA:<\/strong> KUVEYT T\u00dcRK KATILIM BANKASI A.\u015e.<br \/>\n<strong>\u015eUBE:<\/strong> ARNAVUTK\u00d6Y<br \/>\n<strong>HESAP T\u00dcR\u00dc:<\/strong> EURO<br \/>\n<strong>IBAN:<\/strong> <strong>TR00 0000 0000 0000 0000 0000 00<\/strong><\/p>\n<\/div>\n<\/div>\n<\/div>\n<p>[\/vc_custom_heading][\/vc_column_inner][\/vc_row_inner][vc_empty_space empty_h=&#8221;5&#8243;][\/vc_column][\/vc_row][vc_row row_height_percent=&#8221;0&#8243; override_padding=&#8221;yes&#8221; h_padding=&#8221;2&#8243; top_padding=&#8221;0&#8243; bottom_padding=&#8221;2&#8243; back_color=&#8221;color-rgdb&#8221; overlay_alpha=&#8221;50&#8243; gutter_size=&#8221;3&#8243; column_width_percent=&#8221;100&#8243; shift_y=&#8221;0&#8243; z_index=&#8221;0&#8243;][vc_column width=&#8221;1\/1&#8243;][vc_row_inner row_inner_height_percent=&#8221;0&#8243; overlay_alpha=&#8221;50&#8243; gutter_size=&#8221;4&#8243; shift_y=&#8221;0&#8243; z_index=&#8221;0&#8243;][vc_column_inner width=&#8221;1\/4&#8243;][\/vc_column_inner][vc_column_inner column_width_percent=&#8221;100&#8243; gutter_size=&#8221;3&#8243; override_padding=&#8221;yes&#8221; column_padding=&#8221;4&#8243; back_color=&#8221;color-xsdn&#8221; overlay_alpha=&#8221;50&#8243; shift_x=&#8221;0&#8243; shift_y=&#8221;-4&#8243; shift_y_down=&#8221;0&#8243; z_index=&#8221;0&#8243; medium_width=&#8221;0&#8243; mobile_width=&#8221;0&#8243; radius=&#8221;std&#8221; shadow=&#8221;lg&#8221; shadow_darker=&#8221;yes&#8221; width=&#8221;3\/4&#8243;][vc_custom_heading]\u0130leti\u015fim[\/vc_custom_heading]\n<div class=\"wpcf7 no-js\" id=\"wpcf7-f441-o1\" lang=\"en-US\" dir=\"ltr\" data-wpcf7-id=\"441\">\n<div class=\"screen-reader-response\"><p role=\"status\" aria-live=\"polite\" aria-atomic=\"true\"><\/p> <ul><\/ul><\/div>\n<form action=\"\/index.php\/wp-json\/wp\/v2\/pages\/612#wpcf7-f441-o1\" method=\"post\" class=\"wpcf7-form init input-background form-no-labels\" aria-label=\"Contact form\" novalidate=\"novalidate\" data-status=\"init\">\n<fieldset class=\"hidden-fields-container\"><input type=\"hidden\" name=\"_wpcf7\" value=\"441\" \/><input type=\"hidden\" name=\"_wpcf7_version\" value=\"6.1.5\" \/><input type=\"hidden\" name=\"_wpcf7_locale\" value=\"en_US\" \/><input type=\"hidden\" name=\"_wpcf7_unit_tag\" value=\"wpcf7-f441-o1\" \/><input type=\"hidden\" name=\"_wpcf7_container_post\" value=\"0\" \/><input type=\"hidden\" name=\"_wpcf7_posted_data_hash\" value=\"\" \/>\n<\/fieldset>\n<p><span class=\"wpcf7-form-control-wrap\" data-name=\"your-firstname\"><input size=\"40\" maxlength=\"400\" class=\"wpcf7-form-control wpcf7-text wpcf7-validates-as-required form-fluid\" aria-required=\"true\" aria-invalid=\"false\" placeholder=\"Ad\u0131n\u0131z ve Soyad\u0131n\u0131z\" value=\"\" type=\"text\" name=\"your-firstname\" \/><\/span>\n<\/p>\n<p><span class=\"wpcf7-form-control-wrap\" data-name=\"tel-431\"><input size=\"40\" maxlength=\"400\" class=\"wpcf7-form-control wpcf7-tel wpcf7-validates-as-required wpcf7-text wpcf7-validates-as-tel form-fluid\" aria-required=\"true\" aria-invalid=\"false\" placeholder=\"+XX 5XX XXX XX XX\" value=\"\" type=\"tel\" name=\"tel-431\" \/><\/span>\n<\/p>\n<p><span class=\"wpcf7-form-control-wrap\" data-name=\"email-193\"><input size=\"40\" maxlength=\"400\" class=\"wpcf7-form-control wpcf7-email wpcf7-validates-as-required wpcf7-text wpcf7-validates-as-email form-fluid\" aria-required=\"true\" aria-invalid=\"false\" placeholder=\"camel@camelgrup.com\" value=\"\" type=\"email\" name=\"email-193\" \/><\/span>\n<\/p>\n<p><span class=\"wpcf7-form-control-wrap\" data-name=\"your-message\"><textarea cols=\"40\" rows=\"10\" maxlength=\"2000\" class=\"wpcf7-form-control wpcf7-textarea\" aria-invalid=\"false\" placeholder=\"Mesaj\u0131n\u0131z\" name=\"your-message\"><\/textarea><\/span>\n<\/p>\n<p><span class=\"wpcf7-form-control-wrap\" data-name=\"checkbox-699\"><span class=\"wpcf7-form-control wpcf7-checkbox wpcf7-validates-as-required form-fluid\"><span class=\"wpcf7-list-item first last\"><input type=\"checkbox\" name=\"checkbox-699[]\" value=\"Mesaj\u0131m\u0131 Onayl\u0131yorum\" \/><span class=\"wpcf7-list-item-label\">Mesaj\u0131m\u0131 Onayl\u0131yorum<\/span><\/span><\/span><\/span>\n<\/p>\n<p><br \/>\n<input class=\"wpcf7-form-control wpcf7-submit has-spinner btn btn-accent\" type=\"submit\" value=\"G\u00f6nder\" \/>\n<\/p><div class=\"wpcf7-response-output\" aria-hidden=\"true\"><\/div>\n<\/form>\n<\/div>\n[\/vc_column_inner][\/vc_row_inner][vc_row_inner][vc_column_inner width=&#8221;1\/4&#8243;][\/vc_column_inner][vc_column_inner column_width_percent=&#8221;100&#8243; gutter_size=&#8221;3&#8243; style=&#8221;dark&#8221; overlay_alpha=&#8221;50&#8243; shift_x=&#8221;0&#8243; shift_y=&#8221;0&#8243; shift_y_down=&#8221;0&#8243; z_index=&#8221;0&#8243; medium_width=&#8221;3&#8243; mobile_width=&#8221;0&#8243; width=&#8221;1\/4&#8243;][vc_icon position=&#8221;left&#8221; icon=&#8221;fa fa-phone&#8221; icon_color=&#8221;color-vyce&#8221; size=&#8221;fa-2x&#8221; heading_semantic=&#8221;h5&#8243; text_size=&#8221;h5&#8243; text_weight=&#8221;300&#8243; linked_title=&#8221;yes&#8221; css_animation=&#8221;right-t-left&#8221; animation_delay=&#8221;200&#8243; title=&#8221;+90 212 624 01 84&#8243;][\/vc_icon][\/vc_column_inner][vc_column_inner column_width_percent=&#8221;100&#8243; gutter_size=&#8221;3&#8243; style=&#8221;dark&#8221; overlay_alpha=&#8221;50&#8243; shift_x=&#8221;0&#8243; shift_y=&#8221;0&#8243; shift_y_down=&#8221;0&#8243; z_index=&#8221;0&#8243; medium_width=&#8221;3&#8243; mobile_width=&#8221;0&#8243; width=&#8221;1\/4&#8243;][vc_icon position=&#8221;left&#8221; icon=&#8221;fa fa-envelope&#8221; icon_color=&#8221;color-vyce&#8221; size=&#8221;fa-2x&#8221; heading_semantic=&#8221;h5&#8243; text_size=&#8221;h5&#8243; text_weight=&#8221;300&#8243; linked_title=&#8221;yes&#8221; css_animation=&#8221;right-t-left&#8221; animation_delay=&#8221;400&#8243; title=&#8221;camel@camelgrup.com&#8221;][\/vc_icon][\/vc_column_inner][vc_column_inner column_width_percent=&#8221;100&#8243; gutter_size=&#8221;3&#8243; style=&#8221;dark&#8221; overlay_alpha=&#8221;50&#8243; shift_x=&#8221;0&#8243; shift_y=&#8221;0&#8243; shift_y_down=&#8221;0&#8243; z_index=&#8221;0&#8243; medium_width=&#8221;3&#8243; mobile_width=&#8221;0&#8243; width=&#8221;1\/4&#8243;][vc_icon position=&#8221;left&#8221; icon=&#8221;fa fa-map-marker&#8221; icon_color=&#8221;color-vyce&#8221; size=&#8221;fa-2x&#8221; heading_semantic=&#8221;h5&#8243; text_size=&#8221;h5&#8243; text_weight=&#8221;300&#8243; linked_title=&#8221;yes&#8221; css_animation=&#8221;right-t-left&#8221; animation_delay=&#8221;600&#8243; title=&#8221;Had\u0131mk\u00f6y Mahallesi, Mustafa \u0130nan Caddesi, No:43, Arnavutk\u00f6y, \u0130stanbul, T\u00fcrkiye&#8221;][\/vc_icon][\/vc_column_inner][\/vc_row_inner][vc_separator sep_color=&#8221;color-wvjs&#8221;][\/vc_column][\/vc_row]<\/p>\n","protected":false},"excerpt":{"rendered":"<p>[vc_row unlock_row_content=&#8221;yes&#8221; row_height_percent=&#8221;60&#8243; override_padding=&#8221;yes&#8221; h_padding=&#8221;2&#8243; top_padding=&#8221;2&#8243; bottom_padding=&#8221;2&#8243; overlay_alpha=&#8221;0&#8243; gutter_size=&#8221;3&#8243; column_width_percent=&#8221;50&#8243; shift_y=&#8221;0&#8243; z_index=&#8221;0&#8243; auto_height_device=&#8221;yes&#8221;][vc_column column_width_percent=&#8221;100&#8243; align_horizontal=&#8221;align_center&#8221; gutter_size=&#8221;3&#8243; overlay_alpha=&#8221;50&#8243; shift_x=&#8221;0&#8243; shift_y=&#8221;0&#8243; shift_y_down=&#8221;0&#8243; [&hellip;]<\/p>\n","protected":false},"author":1,"featured_media":0,"parent":0,"menu_order":0,"comment_status":"closed","ping_status":"closed","template":"","meta":{"_themeisle_gutenberg_block_has_review":false,"footnotes":""},"class_list":["post-612","page","type-page","status-publish","hentry"],"_links":{"self":[{"href":"https:\/\/camelgrup.com\/index.php\/wp-json\/wp\/v2\/pages\/612","targetHints":{"allow":["GET"]}}],"collection":[{"href":"https:\/\/camelgrup.com\/index.php\/wp-json\/wp\/v2\/pages"}],"about":[{"href":"https:\/\/camelgrup.com\/index.php\/wp-json\/wp\/v2\/types\/page"}],"author":[{"embeddable":true,"href":"https:\/\/camelgrup.com\/index.php\/wp-json\/wp\/v2\/users\/1"}],"replies":[{"embeddable":true,"href":"https:\/\/camelgrup.com\/index.php\/wp-json\/wp\/v2\/comments?post=612"}],"version-history":[{"count":12,"href":"https:\/\/camelgrup.com\/index.php\/wp-json\/wp\/v2\/pages\/612\/revisions"}],"predecessor-version":[{"id":741,"href":"https:\/\/camelgrup.com\/index.php\/wp-json\/wp\/v2\/pages\/612\/revisions\/741"}],"wp:attachment":[{"href":"https:\/\/camelgrup.com\/index.php\/wp-json\/wp\/v2\/media?parent=612"}],"curies":[{"name":"wp","href":"https:\/\/api.w.org\/{rel}","templated":true}]}}